{"id":373,"date":"2025-10-13T10:46:04","date_gmt":"2025-10-13T08:46:04","guid":{"rendered":"https:\/\/brindours.com\/?page_id=373"},"modified":"2025-10-26T10:48:37","modified_gmt":"2025-10-26T09:48:37","slug":"ou-acheter-nos-jouets","status":"publish","type":"page","link":"https:\/\/brindours.com\/index.php\/ou-acheter-nos-jouets\/","title":{"rendered":"O\u00f9 acheter nos jouets ?"},"content":{"rendered":"\n<div class=\"wp-block-group alignfull has-global-padding is-layout-constrained wp-container-core-group-is-layout-490fa1db wp-block-group-is-layout-constrained\" style=\"padding-top:var(--wp--preset--spacing--50);padding-right:var(--wp--preset--spacing--50);padding-bottom:var(--wp--preset--spacing--50);padding-left:var(--wp--preset--spacing--50)\">\n<div class=\"wp-block-group has-global-padding is-layout-constrained wp-container-core-group-is-layout-e555385e wp-block-group-is-layout-constrained\">\n<h1 class=\"wp-block-heading has-text-align-center has-medium-font-size\" style=\"margin-right:0;margin-left:0\"><strong>Pour vous procurer nos jouets, une seule adresse :<br>Le march\u00e9 de no\u00ebl de Strasbourg !<\/strong><\/h1>\n\n\n\n<div style=\"height:31px\" aria-hidden=\"true\" class=\"wp-block-spacer\"><\/div>\n\n\n\n<p class=\"has-text-align-center has-medium-font-size\">Place Kl\u00e9ber (place du grand sapin), \u00e0 c\u00f4t\u00e9 de la statue Kl\u00e9ber.<\/p>\n\n\n\n<div style=\"height:46px\" aria-hidden=\"true\" class=\"wp-block-spacer\"><\/div>\n<\/div>\n\n\n\n<figure class=\"wp-block-gallery alignwide has-nested-images columns-default is-cropped wp-block-gallery-3 is-layout-flex wp-block-gallery-is-layout-flex\">\n<figure class=\"wp-block-image size-full is-style-rounded is-style-rounded--1\"><img loading=\"lazy\" decoding=\"async\" width=\"1600\" height=\"900\" data-id=\"399\" src=\"https:\/\/brindours.com\/wp-content\/uploads\/2025\/10\/IMG-20241128-WA00013.jpg\" alt=\"\" class=\"wp-image-399\" srcset=\"https:\/\/brindours.com\/wp-content\/uploads\/2025\/10\/IMG-20241128-WA00013.jpg 1600w, https:\/\/brindours.com\/wp-content\/uploads\/2025\/10\/IMG-20241128-WA00013-300x169.jpg 300w, https:\/\/brindours.com\/wp-content\/uploads\/2025\/10\/IMG-20241128-WA00013-1024x576.jpg 1024w, https:\/\/brindours.com\/wp-content\/uploads\/2025\/10\/IMG-20241128-WA00013-768x432.jpg 768w, https:\/\/brindours.com\/wp-content\/uploads\/2025\/10\/IMG-20241128-WA00013-1536x864.jpg 1536w\" sizes=\"auto, (max-width: 1600px) 100vw, 1600px\" \/><\/figure>\n\n\n\n<figure class=\"wp-block-image size-full is-style-rounded is-style-rounded--2\"><img loading=\"lazy\" decoding=\"async\" width=\"1082\" height=\"673\" data-id=\"397\" src=\"https:\/\/brindours.com\/wp-content\/uploads\/2025\/10\/plan-marche-noel-strasbourg-2.jpg\" alt=\"\" class=\"wp-image-397\" srcset=\"https:\/\/brindours.com\/wp-content\/uploads\/2025\/10\/plan-marche-noel-strasbourg-2.jpg 1082w, https:\/\/brindours.com\/wp-content\/uploads\/2025\/10\/plan-marche-noel-strasbourg-2-300x187.jpg 300w, https:\/\/brindours.com\/wp-content\/uploads\/2025\/10\/plan-marche-noel-strasbourg-2-1024x637.jpg 1024w, https:\/\/brindours.com\/wp-content\/uploads\/2025\/10\/plan-marche-noel-strasbourg-2-768x478.jpg 768w\" sizes=\"auto, (max-width: 1082px) 100vw, 1082px\" \/><\/figure>\n<\/figure>\n\n\n\n<p class=\"has-text-align-center has-medium-font-size\"><strong>Horaires d&#8217;ouverture en 2025<\/strong><br><br>Du 26 novembre au 24 d\u00e9cembre de 11h30 \u00e0 21h<br>sauf<br>le 26\/11 de 14h00 \u00e0 21h<br>le 24\/12 de 11h30 \u00e0 18h<\/p>\n<\/div>\n\n\n\n<div class=\"wp-block-group alignfull has-base-2-background-color has-background has-global-padding is-layout-constrained wp-container-core-group-is-layout-669513ed wp-block-group-is-layout-constrained\" style=\"margin-top:0;margin-bottom:0;padding-top:var(--wp--preset--spacing--50);padding-right:var(--wp--preset--spacing--50);padding-bottom:var(--wp--preset--spacing--50);padding-left:var(--wp--preset--spacing--50)\">\n<p class=\"has-text-align-center\" style=\"margin-top:0;margin-right:0;margin-bottom:0;margin-left:0\"><strong>Peut-on trouver vos jouets ailleurs <\/strong><br><strong>que sur le march\u00e9 de no\u00ebl de Strasbourg ?<\/strong><\/p>\n\n\n\n<p class=\"has-text-align-center\">Malheureusement non. Nos jouets sont fabriqu\u00e9s de fa\u00e7on artisanale et cela engendre une production limit\u00e9e. Pas de boutiques ni de vente en ligne, le march\u00e9 de no\u00ebl est notre seul et unique point de vente pour le moment.<\/p>\n\n\n\n<div style=\"height:64px\" aria-hidden=\"true\" class=\"wp-block-spacer\"><\/div>\n\n\n\n<p class=\"has-text-align-center\">N&#8217;h\u00e9sitez pas \u00e0 vous rendre sur notre page <a href=\"https:\/\/brindours.com\/index.php\/faq\/\" data-type=\"page\" data-id=\"105\">FAQ<\/a> pour y trouver d&#8217;autres questions\/r\u00e9ponses \ud83d\ude42<\/p>\n<\/div>\n","protected":false},"excerpt":{"rendered":"<p>Pour vous procurer nos jouets, une seule adresse :Le march\u00e9 de no\u00ebl de Strasbourg ! Place Kl\u00e9ber (place du grand sapin), \u00e0 c\u00f4t\u00e9 de la statue Kl\u00e9ber. Horaires d&#8217;ouverture en 2025 Du 26 novembre au 24 d\u00e9cembre de 11h30 \u00e0 21hsaufle 26\/11 de 14h00 \u00e0 21hle 24\/12 de 11h30 \u00e0 18h Peut-on trouver vos jouets [&hellip;]<\/p>\n","protected":false},"author":1,"featured_media":0,"parent":0,"menu_order":0,"comment_status":"closed","ping_status":"closed","template":"","meta":{"footnotes":""},"class_list":["post-373","page","type-page","status-publish","hentry"],"_links":{"self":[{"href":"https:\/\/brindours.com\/index.php\/wp-json\/wp\/v2\/pages\/373","targetHints":{"allow":["GET"]}}],"collection":[{"href":"https:\/\/brindours.com\/index.php\/wp-json\/wp\/v2\/pages"}],"about":[{"href":"https:\/\/brindours.com\/index.php\/wp-json\/wp\/v2\/types\/page"}],"author":[{"embeddable":true,"href":"https:\/\/brindours.com\/index.php\/wp-json\/wp\/v2\/users\/1"}],"replies":[{"embeddable":true,"href":"https:\/\/brindours.com\/index.php\/wp-json\/wp\/v2\/comments?post=373"}],"version-history":[{"count":23,"href":"https:\/\/brindours.com\/index.php\/wp-json\/wp\/v2\/pages\/373\/revisions"}],"predecessor-version":[{"id":420,"href":"https:\/\/brindours.com\/index.php\/wp-json\/wp\/v2\/pages\/373\/revisions\/420"}],"wp:attachment":[{"href":"https:\/\/brindours.com\/index.php\/wp-json\/wp\/v2\/media?parent=373"}],"curies":[{"name":"wp","href":"https:\/\/api.w.org\/{rel}","templated":true}]}}