{"id":105,"date":"2025-10-09T09:52:15","date_gmt":"2025-10-09T07:52:15","guid":{"rendered":"https:\/\/brindours.com\/?page_id=105"},"modified":"2025-10-21T12:50:26","modified_gmt":"2025-10-21T10:50:26","slug":"faq","status":"publish","type":"page","link":"https:\/\/brindours.com\/index.php\/faq\/","title":{"rendered":"Foire aux questions"},"content":{"rendered":"\n<p><\/p>\n\n\n\n<div class=\"wp-block-group has-global-padding is-layout-constrained wp-block-group-is-layout-constrained\">\n<p class=\"has-text-align-center\">Vous trouverez ci-dessous une petite s\u00e9lection des questions les plus courantes.<\/p>\n\n\n\n<div style=\"height:58px\" aria-hidden=\"true\" class=\"wp-block-spacer\"><\/div>\n\n\n\n<details class=\"wp-block-details is-style-default is-layout-flow wp-block-details-is-layout-flow\"><summary><strong>Quelles essences de bois utilisez-vous ?<\/strong><\/summary>\n<p>Tous nos jouets sont en tilleul, une essence que l&#8217;on trouve en France et dans la plupart de nos r\u00e9gions.<\/p>\n<\/details>\n\n\n\n<details class=\"wp-block-details is-style-default is-layout-flow wp-block-details-is-layout-flow\"><summary><strong>Tous vos jouets sont en massif ?<\/strong><\/summary>\n<p>Toutes nos figurines sont en bois massif, il n&#8217;y pas de collage, donc pas de r\u00e9sidus. <br>Nos bases qui servent \u00e0 faire tenir nos arbres sont en contreplaqu\u00e9 haut de gamme afin de mieux r\u00e9sister au temps et \u00e9viter qu&#8217;elles ne se fissurent ou se voilent.<\/p>\n<\/details>\n\n\n\n<details class=\"wp-block-details is-style-default has-medium-font-size is-layout-flow wp-container-core-details-is-layout-8a368f38 wp-block-details-is-layout-flow\"><summary><strong>Et vos peintures ?<\/strong><\/summary>\n<p>Nos peintures viennent de nos voisins allemands qui ont une longue et forte tradition du jouet en bois et poss\u00e8dent encore les infrastructures de fabrication de peintures adapt\u00e9s aux jouets. Toutes nos peintures et produits de finition poss\u00e8dent la norme europ\u00e9enne EN 71-3 relative \u00e0 la migration des substances volatiles et r\u00e9sistance \u00e0 la salive, garantissant la s\u00e9curit\u00e9 des enfants qui entrent en contact avec les jouets que ce soit avec les doigts ou avec leur bouche.<\/p>\n<\/details>\n\n\n\n<details class=\"wp-block-details is-layout-flow wp-block-details-is-layout-flow\"><summary><strong>O\u00f9 peut-on acheter vos jouets ?<\/strong><\/summary>\n<p>Au march\u00e9 de no\u00ebl de Strasbourg, Place Kl\u00e9ber, \u00e0 cot\u00e9 de la statue Kl\u00e9ber. Vous pourrez nous y trouver tous les ans, de la fin novembre jusqu&#8217;au 24 d\u00e9cembre, de 11h30 jusqu&#8217;\u00e0 21h, du lundi au dimanche.<br>Plus d&#8217;information sur le site : <a href=\"https:\/\/noel.strasbourg.eu\/\">https:\/\/noel.strasbourg.eu\/<\/a><\/p>\n<\/details>\n\n\n\n<details class=\"wp-block-details is-layout-flow wp-block-details-is-layout-flow\"><summary><strong>Et le reste de l&#8217;ann\u00e9e ?<\/strong><\/summary>\n<p>Malheureusement nous ne sommes pas en mesure de vous proposer autre chose pour le moment. Notre production est artisanale et donc limit\u00e9e; elle ne nous permet pas de nous \u00e9tendre sur d&#8217;autres plateformes de vente (vente en ligne, boutiques, etc&#8230;)<\/p>\n<\/details>\n\n\n\n<details class=\"wp-block-details is-layout-flow wp-block-details-is-layout-flow\"><summary><strong>Peut-on venir visiter votre atelier ?<\/strong><\/summary>\n<p>Pour le moment non, il n&#8217;est pas possible de venir nous voir en pleine fabrication car notre atelier n&#8217;est pas adapt\u00e9 mais nous aimerions beaucoup pouvoir proposer des portes ouvertes d&#8217;ici 2027, on y travaille !<\/p>\n<\/details>\n\n\n\n<div style=\"height:126px\" aria-hidden=\"true\" class=\"wp-block-spacer\"><\/div>\n<\/div>\n","protected":false},"excerpt":{"rendered":"<p>Vous trouverez ci-dessous une petite s\u00e9lection des questions les plus courantes.<\/p>\n","protected":false},"author":1,"featured_media":0,"parent":0,"menu_order":0,"comment_status":"closed","ping_status":"closed","template":"","meta":{"footnotes":""},"class_list":["post-105","page","type-page","status-publish","hentry"],"_links":{"self":[{"href":"https:\/\/brindours.com\/index.php\/wp-json\/wp\/v2\/pages\/105","targetHints":{"allow":["GET"]}}],"collection":[{"href":"https:\/\/brindours.com\/index.php\/wp-json\/wp\/v2\/pages"}],"about":[{"href":"https:\/\/brindours.com\/index.php\/wp-json\/wp\/v2\/types\/page"}],"author":[{"embeddable":true,"href":"https:\/\/brindours.com\/index.php\/wp-json\/wp\/v2\/users\/1"}],"replies":[{"embeddable":true,"href":"https:\/\/brindours.com\/index.php\/wp-json\/wp\/v2\/comments?post=105"}],"version-history":[{"count":16,"href":"https:\/\/brindours.com\/index.php\/wp-json\/wp\/v2\/pages\/105\/revisions"}],"predecessor-version":[{"id":412,"href":"https:\/\/brindours.com\/index.php\/wp-json\/wp\/v2\/pages\/105\/revisions\/412"}],"wp:attachment":[{"href":"https:\/\/brindours.com\/index.php\/wp-json\/wp\/v2\/media?parent=105"}],"curies":[{"name":"wp","href":"https:\/\/api.w.org\/{rel}","templated":true}]}}